{"id":39,"date":"2016-05-31T11:43:33","date_gmt":"2016-05-31T09:43:33","guid":{"rendered":"http:\/\/asesoriadeportiva.es\/?page_id=39"},"modified":"2025-09-23T14:27:11","modified_gmt":"2025-09-23T12:27:11","slug":"quienes-somos","status":"publish","type":"page","link":"https:\/\/asesoriadeportiva.es\/?page_id=39","title":{"rendered":"Qui\u00e9nes somos"},"content":{"rendered":"<p style=\"text-align: justify;\"><strong>AD, Asesor\u00eda Deportiva<\/strong>\u00a0cuenta con un equipo de profesionales especializados en diferentes \u00e1reas del sector deportivo. Con una experiencia acumulada de m\u00e1s de 25 a\u00f1os, en el \u00e1mbito de la gesti\u00f3n deportiva. El trato con ellos siempre es cercano, amable y \u00e1gil para ser eficaces y resolutivos en la gesti\u00f3n diaria con cada empresa.<\/p>\n<p style=\"text-align: justify;\"><strong><em>Antonio Guti\u00e9rrez-Gamero Molt\u00f3<\/em> <\/strong><\/p>\n<p style=\"text-align: justify;\">Licenciado en Derecho, con despacho profesional abierto desde 1987, especialista en derecho deportivo. Curso de Derecho Deportivo de la Fundaci\u00f3n Estudiantes y participante en el M\u00e1ster de Gesti\u00f3n de Entidades Deportivas del Comit\u00e9 Ol\u00edmpico Espa\u00f1ol.<\/p>\n<p style=\"text-align: justify;\">Ha sido Secretario del Club de Esgrima \u201cSala de Armas de Madrid\u201d, Secretario General de la Federaci\u00f3n Madrile\u00f1a de Esgrima, Secretario General de la Real Federaci\u00f3n Espa\u00f1ola de Esgrima, Secretario General de la Federaci\u00f3n Espa\u00f1ola de Espeleolog\u00eda, Presidente del Comit\u00e9 de Disciplina Deportiva de la Federaci\u00f3n Espa\u00f1ola de P\u00e1del, Miembro de la Comisi\u00f3n Jur\u00eddica del Comit\u00e9 Ol\u00edmpico Espa\u00f1ol y Secretario General de la Real Federaci\u00f3n Espa\u00f1ola de Salvamento y Socorrismo.<\/p>\n<p style=\"text-align: justify;\">En la actualidad es Gerente de la Federaci\u00f3n Madrile\u00f1a de Salvamento y Socorrismo, Secretario de la Asociaci\u00f3n Espa\u00f1ola de Espeleolog\u00eda y Barrancos y Gerente de la Federaci\u00f3n Espa\u00f1ola de Pelota.<\/p>\n<p style=\"text-align: justify;\">Especializado en la gesti\u00f3n de entidades deportivas en sus aspectos administrativos y financieros, as\u00ed como en la organizaci\u00f3n de competiciones y otros eventos. Campeonato del Mundo de Esgrima j\u00fanior de 1997 (Puerto de la Cruz \u2013 Tenerife), Universiada de Esgrima de 1999 (Palma de Mallorca), reuniones internacionales en Espa\u00f1a de la Federaci\u00f3n Internacional de Esgrima, Federaci\u00f3n Europea de Espeleolog\u00eda, Federaci\u00f3n Europea de Salvamento y Socorrismo, Federaci\u00f3n Latinoamericana de Salvamento y Socorrismo. Solicitud, seguimiento y justificaci\u00f3n de subvenciones federativas y de entidades deportivas, redacci\u00f3n de estatutos y reglamentos de federaciones y clubes deportivos, organizaci\u00f3n, coordinaci\u00f3n y moderaci\u00f3n de reuniones de los \u00f3rganos de gobierno, organizaci\u00f3n y asesor\u00eda de procedimientos electorales.<\/p>\n<p style=\"text-align: justify;\"><em><strong>Carmen Ruiz Olivares<\/strong><\/em><\/p>\n<p style=\"text-align: justify;\">Licenciada en Derecho, especialista en Derecho deportivo y Derecho laboral. M\u00e1ster en Pr\u00e1ctica jur\u00eddica y procedimiento. Direcci\u00f3n y Gesti\u00f3n de Centros Deportivos. T\u00e9cnico Superior de Calidad y Normas ISO.<\/p>\n<p style=\"text-align: justify;\">Responsable de Recursos Humanos y asesora jur\u00eddica laboral para distintas empresas en distintos sectores econ\u00f3micos.<\/p>\n<p style=\"text-align: justify;\">Especializada en Gesti\u00f3n de Federaciones y clubes deportivos. Destaca su trabajo durante m\u00e1s de dos d\u00e9cadas para la Federaci\u00f3n Madrile\u00f1a de Nataci\u00f3n, en la gesti\u00f3n de centros deportivos como el Centro de Nataci\u00f3n M86, Centro deportivo Huerta vieja de Majadahonda, Centro de Nataci\u00f3n Torrelodones, Centro de Nataci\u00f3n San Mart\u00edn de Valdeiglesias, Centro deportivo Santiago Ap\u00f3stol de Villanueva de la Ca\u00f1ada, Casarrubuelos, Centro deportivo Fabi\u00e1n Roncero de Madrid, Centro deportivo Guadarrama.<\/p>\n<p style=\"text-align: justify;\">Organizaci\u00f3n administrativa de competiciones y eventos de \u00e1mbito estatal y territorial. Responsable de RRHH y voluntariado en el Campeonato de Europa de Nataci\u00f3n 2004.<\/p>\n<p style=\"text-align: justify;\">Organizaci\u00f3n de cursos y acciones formativas para t\u00e9cnicos, socorristas y gestores deportivos.<\/p>\n<p style=\"text-align: justify;\">Profesora docente en cursos para la Real Federaci\u00f3n Espa\u00f1ola de Nataci\u00f3n, Real Federaci\u00f3n Espa\u00f1ola de Salvamento y Socorrismo, Universidad Europea de Madrid, Federaci\u00f3n Madrile\u00f1a de Nataci\u00f3n, Federaci\u00f3n Madrile\u00f1a de Salvamento y Socorrismo, Ayuntamientos (Madrid, Legan\u00e9s, Rivas VaciaMadrid), Consejer\u00eda de Deportes de la Comunidad de Madrid, Instituto Andaluz del Deporte y otras entidades p\u00fablicas y privadas.<\/p>\n<p style=\"text-align: justify;\">Colaboradora Experto tecnol\u00f3gico Ministerio de Educaci\u00f3n, INCUAL, Cualificaciones profesionales \u00e1rea actividades acu\u00e1ticas desde 2004 hasta el a\u00f1o 2009.<\/p>\n<p style=\"text-align: justify;\">Miembro de diversas Juntas Electorales de Federaciones como la Real Federaci\u00f3n Espa\u00f1ola de Nataci\u00f3n, Real Federaci\u00f3n Espa\u00f1ola de Salvamento y Socorrismo, Real Federaci\u00f3n Espa\u00f1ola de Par\u00e1lisis Cerebral, Federaci\u00f3n de Salvamento y Socorrismo de Castilla Le\u00f3n.<\/p>\n<p style=\"text-align: justify;\">Miembro de diversos Comit\u00e9s de disciplina deportiva. Juez instructor.<\/p>\n<p style=\"text-align: justify;\">\u00c1rbitro en activo de nataci\u00f3n y waterpolo.<\/p>\n<p style=\"text-align: justify;\">Autora de varios textos y art\u00edculos publicados, destacando su colaboraci\u00f3n como autora del <em>Manual del Coordinador de tiempo libre<\/em> editado por la Junta de Castilla y Le\u00f3n; y <em>Direcci\u00f3n y gesti\u00f3n de centros deportivos, <\/em>editado por la Consejer\u00eda de Educaci\u00f3n de la Comunidad de Madrid.<\/p>\n","protected":false},"excerpt":{"rendered":"<p>AD, Asesor\u00eda Deportiva\u00a0cuenta con un equipo de profesionales especializados en diferentes \u00e1reas del sector deportivo. Con una experiencia acumulada de m\u00e1s de 25 a\u00f1os, en el \u00e1mbito de la gesti\u00f3n deportiva. El trato con ellos siempre es cercano, amable y \u00e1gil para ser eficaces y resolutivos en la gesti\u00f3n diaria con cada empresa. Antonio Guti\u00e9rrez-Gamero &hellip; <a href=\"https:\/\/asesoriadeportiva.es\/?page_id=39\" class=\"more-link\">Seguir leyendo <span class=\"screen-reader-text\">Qui\u00e9nes somos<\/span> <span class=\"meta-nav\">&rarr;<\/span><\/a><\/p>\n","protected":false},"author":1,"featured_media":0,"parent":0,"menu_order":0,"comment_status":"closed","ping_status":"closed","template":"","meta":{"footnotes":""},"class_list":["post-39","page","type-page","status-publish","hentry"],"yoast_head":"<!-- This site is optimized with the Yoast SEO plugin v25.9 - https:\/\/yoast.com\/wordpress\/plugins\/seo\/ -->\n<title>Qui\u00e9nes somos - Asesor\u00eda Deportiva<\/title>\n<meta name=\"description\" content=\"AD, Asesor\u00eda Deportiva\u00a0cuenta con un equipo de profesionales especializados en diferentes \u00e1reas del sector deportivo. Con una experiencia acumulada de m\u00e1s de 25 a\u00f1os, en el \u00e1mbito de la gesti\u00f3n deportiva. El trato con ellos siempre es cercano, amable y \u00e1gil para ser eficaces y resolutivos en la gesti\u00f3n diaria con cada empresa.\" \/>\n<meta name=\"robots\" content=\"index, follow, max-snippet:-1, max-image-preview:large, max-video-preview:-1\" \/>\n<link rel=\"canonical\" href=\"https:\/\/asesoriadeportiva.es\/?page_id=39\" \/>\n<meta property=\"og:locale\" content=\"es_ES\" \/>\n<meta property=\"og:type\" content=\"article\" \/>\n<meta property=\"og:title\" content=\"Qui\u00e9nes somos - Asesor\u00eda Deportiva\" \/>\n<meta property=\"og:description\" content=\"AD, Asesor\u00eda Deportiva\u00a0cuenta con un equipo de profesionales especializados en diferentes \u00e1reas del sector deportivo. Con una experiencia acumulada de m\u00e1s de 25 a\u00f1os, en el \u00e1mbito de la gesti\u00f3n deportiva. El trato con ellos siempre es cercano, amable y \u00e1gil para ser eficaces y resolutivos en la gesti\u00f3n diaria con cada empresa.\" \/>\n<meta property=\"og:url\" content=\"https:\/\/asesoriadeportiva.es\/?page_id=39\" \/>\n<meta property=\"og:site_name\" content=\"Asesor\u00eda Deportiva\" \/>\n<meta property=\"article:modified_time\" content=\"2025-09-23T12:27:11+00:00\" \/>\n<meta property=\"og:image\" content=\"https:\/\/asesoriadeportiva.es\/wp-content\/uploads\/2016\/05\/cropped-logo1-1-e1464608856999.jpg\" \/>\n\t<meta property=\"og:image:width\" content=\"423\" \/>\n\t<meta property=\"og:image:height\" content=\"121\" \/>\n\t<meta property=\"og:image:type\" content=\"image\/jpeg\" \/>\n<meta name=\"twitter:card\" content=\"summary_large_image\" \/>\n<meta name=\"twitter:label1\" content=\"Tiempo de lectura\" \/>\n\t<meta name=\"twitter:data1\" content=\"3 minutos\" \/>\n<script type=\"application\/ld+json\" class=\"yoast-schema-graph\">{\"@context\":\"https:\/\/schema.org\",\"@graph\":[{\"@type\":\"WebPage\",\"@id\":\"https:\/\/asesoriadeportiva.es\/?page_id=39\",\"url\":\"https:\/\/asesoriadeportiva.es\/?page_id=39\",\"name\":\"Qui\u00e9nes somos - Asesor\u00eda Deportiva\",\"isPartOf\":{\"@id\":\"https:\/\/asesoriadeportiva.es\/#website\"},\"datePublished\":\"2016-05-31T09:43:33+00:00\",\"dateModified\":\"2025-09-23T12:27:11+00:00\",\"description\":\"AD, Asesor\u00eda Deportiva\u00a0cuenta con un equipo de profesionales especializados en diferentes \u00e1reas del sector deportivo. Con una experiencia acumulada de m\u00e1s de 25 a\u00f1os, en el \u00e1mbito de la gesti\u00f3n deportiva. El trato con ellos siempre es cercano, amable y \u00e1gil para ser eficaces y resolutivos en la gesti\u00f3n diaria con cada empresa.\",\"breadcrumb\":{\"@id\":\"https:\/\/asesoriadeportiva.es\/?page_id=39#breadcrumb\"},\"inLanguage\":\"es\",\"potentialAction\":[{\"@type\":\"ReadAction\",\"target\":[\"https:\/\/asesoriadeportiva.es\/?page_id=39\"]}]},{\"@type\":\"BreadcrumbList\",\"@id\":\"https:\/\/asesoriadeportiva.es\/?page_id=39#breadcrumb\",\"itemListElement\":[{\"@type\":\"ListItem\",\"position\":1,\"name\":\"Portada\",\"item\":\"https:\/\/asesoriadeportiva.es\/\"},{\"@type\":\"ListItem\",\"position\":2,\"name\":\"Qui\u00e9nes somos\"}]},{\"@type\":\"WebSite\",\"@id\":\"https:\/\/asesoriadeportiva.es\/#website\",\"url\":\"https:\/\/asesoriadeportiva.es\/\",\"name\":\"Asesor\u00eda Deportiva\",\"description\":\"Especialistas en Clubes y Federaciones Deportivas\",\"publisher\":{\"@id\":\"https:\/\/asesoriadeportiva.es\/#organization\"},\"alternateName\":\"Consultor\u00eda Deportiva\",\"potentialAction\":[{\"@type\":\"SearchAction\",\"target\":{\"@type\":\"EntryPoint\",\"urlTemplate\":\"https:\/\/asesoriadeportiva.es\/?s={search_term_string}\"},\"query-input\":{\"@type\":\"PropertyValueSpecification\",\"valueRequired\":true,\"valueName\":\"search_term_string\"}}],\"inLanguage\":\"es\"},{\"@type\":\"Organization\",\"@id\":\"https:\/\/asesoriadeportiva.es\/#organization\",\"name\":\"Asesor\u00eda Deportiva\",\"alternateName\":\"Consultor\u00eda Deportiva\",\"url\":\"https:\/\/asesoriadeportiva.es\/\",\"logo\":{\"@type\":\"ImageObject\",\"inLanguage\":\"es\",\"@id\":\"https:\/\/asesoriadeportiva.es\/#\/schema\/logo\/image\/\",\"url\":\"https:\/\/asesoriadeportiva.es\/wp-content\/uploads\/2016\/05\/cropped-logo1-1-e1464608856999.jpg\",\"contentUrl\":\"https:\/\/asesoriadeportiva.es\/wp-content\/uploads\/2016\/05\/cropped-logo1-1-e1464608856999.jpg\",\"width\":423,\"height\":121,\"caption\":\"Asesor\u00eda Deportiva\"},\"image\":{\"@id\":\"https:\/\/asesoriadeportiva.es\/#\/schema\/logo\/image\/\"}}]}<\/script>\n<!-- \/ Yoast SEO plugin. -->","yoast_head_json":{"title":"Qui\u00e9nes somos - Asesor\u00eda Deportiva","description":"AD, Asesor\u00eda Deportiva\u00a0cuenta con un equipo de profesionales especializados en diferentes \u00e1reas del sector deportivo. Con una experiencia acumulada de m\u00e1s de 25 a\u00f1os, en el \u00e1mbito de la gesti\u00f3n deportiva. El trato con ellos siempre es cercano, amable y \u00e1gil para ser eficaces y resolutivos en la gesti\u00f3n diaria con cada empresa.","robots":{"index":"index","follow":"follow","max-snippet":"max-snippet:-1","max-image-preview":"max-image-preview:large","max-video-preview":"max-video-preview:-1"},"canonical":"https:\/\/asesoriadeportiva.es\/?page_id=39","og_locale":"es_ES","og_type":"article","og_title":"Qui\u00e9nes somos - Asesor\u00eda Deportiva","og_description":"AD, Asesor\u00eda Deportiva\u00a0cuenta con un equipo de profesionales especializados en diferentes \u00e1reas del sector deportivo. Con una experiencia acumulada de m\u00e1s de 25 a\u00f1os, en el \u00e1mbito de la gesti\u00f3n deportiva. El trato con ellos siempre es cercano, amable y \u00e1gil para ser eficaces y resolutivos en la gesti\u00f3n diaria con cada empresa.","og_url":"https:\/\/asesoriadeportiva.es\/?page_id=39","og_site_name":"Asesor\u00eda Deportiva","article_modified_time":"2025-09-23T12:27:11+00:00","og_image":[{"width":423,"height":121,"url":"https:\/\/asesoriadeportiva.es\/wp-content\/uploads\/2016\/05\/cropped-logo1-1-e1464608856999.jpg","type":"image\/jpeg"}],"twitter_card":"summary_large_image","twitter_misc":{"Tiempo de lectura":"3 minutos"},"schema":{"@context":"https:\/\/schema.org","@graph":[{"@type":"WebPage","@id":"https:\/\/asesoriadeportiva.es\/?page_id=39","url":"https:\/\/asesoriadeportiva.es\/?page_id=39","name":"Qui\u00e9nes somos - Asesor\u00eda Deportiva","isPartOf":{"@id":"https:\/\/asesoriadeportiva.es\/#website"},"datePublished":"2016-05-31T09:43:33+00:00","dateModified":"2025-09-23T12:27:11+00:00","description":"AD, Asesor\u00eda Deportiva\u00a0cuenta con un equipo de profesionales especializados en diferentes \u00e1reas del sector deportivo. Con una experiencia acumulada de m\u00e1s de 25 a\u00f1os, en el \u00e1mbito de la gesti\u00f3n deportiva. El trato con ellos siempre es cercano, amable y \u00e1gil para ser eficaces y resolutivos en la gesti\u00f3n diaria con cada empresa.","breadcrumb":{"@id":"https:\/\/asesoriadeportiva.es\/?page_id=39#breadcrumb"},"inLanguage":"es","potentialAction":[{"@type":"ReadAction","target":["https:\/\/asesoriadeportiva.es\/?page_id=39"]}]},{"@type":"BreadcrumbList","@id":"https:\/\/asesoriadeportiva.es\/?page_id=39#breadcrumb","itemListElement":[{"@type":"ListItem","position":1,"name":"Portada","item":"https:\/\/asesoriadeportiva.es\/"},{"@type":"ListItem","position":2,"name":"Qui\u00e9nes somos"}]},{"@type":"WebSite","@id":"https:\/\/asesoriadeportiva.es\/#website","url":"https:\/\/asesoriadeportiva.es\/","name":"Asesor\u00eda Deportiva","description":"Especialistas en Clubes y Federaciones Deportivas","publisher":{"@id":"https:\/\/asesoriadeportiva.es\/#organization"},"alternateName":"Consultor\u00eda Deportiva","potentialAction":[{"@type":"SearchAction","target":{"@type":"EntryPoint","urlTemplate":"https:\/\/asesoriadeportiva.es\/?s={search_term_string}"},"query-input":{"@type":"PropertyValueSpecification","valueRequired":true,"valueName":"search_term_string"}}],"inLanguage":"es"},{"@type":"Organization","@id":"https:\/\/asesoriadeportiva.es\/#organization","name":"Asesor\u00eda Deportiva","alternateName":"Consultor\u00eda Deportiva","url":"https:\/\/asesoriadeportiva.es\/","logo":{"@type":"ImageObject","inLanguage":"es","@id":"https:\/\/asesoriadeportiva.es\/#\/schema\/logo\/image\/","url":"https:\/\/asesoriadeportiva.es\/wp-content\/uploads\/2016\/05\/cropped-logo1-1-e1464608856999.jpg","contentUrl":"https:\/\/asesoriadeportiva.es\/wp-content\/uploads\/2016\/05\/cropped-logo1-1-e1464608856999.jpg","width":423,"height":121,"caption":"Asesor\u00eda Deportiva"},"image":{"@id":"https:\/\/asesoriadeportiva.es\/#\/schema\/logo\/image\/"}}]}},"_links":{"self":[{"href":"https:\/\/asesoriadeportiva.es\/index.php?rest_route=\/wp\/v2\/pages\/39","targetHints":{"allow":["GET"]}}],"collection":[{"href":"https:\/\/asesoriadeportiva.es\/index.php?rest_route=\/wp\/v2\/pages"}],"about":[{"href":"https:\/\/asesoriadeportiva.es\/index.php?rest_route=\/wp\/v2\/types\/page"}],"author":[{"embeddable":true,"href":"https:\/\/asesoriadeportiva.es\/index.php?rest_route=\/wp\/v2\/users\/1"}],"replies":[{"embeddable":true,"href":"https:\/\/asesoriadeportiva.es\/index.php?rest_route=%2Fwp%2Fv2%2Fcomments&post=39"}],"version-history":[{"count":9,"href":"https:\/\/asesoriadeportiva.es\/index.php?rest_route=\/wp\/v2\/pages\/39\/revisions"}],"predecessor-version":[{"id":111,"href":"https:\/\/asesoriadeportiva.es\/index.php?rest_route=\/wp\/v2\/pages\/39\/revisions\/111"}],"wp:attachment":[{"href":"https:\/\/asesoriadeportiva.es\/index.php?rest_route=%2Fwp%2Fv2%2Fmedia&parent=39"}],"curies":[{"name":"wp","href":"https:\/\/api.w.org\/{rel}","templated":true}]}}