{"id":2,"date":"2016-05-10T03:48:21","date_gmt":"2016-05-10T03:48:21","guid":{"rendered":"http:\/\/wp452m.a10-52-158-154.qa.plesk.ru\/wordpress\/?page_id=2"},"modified":"2025-09-25T17:01:30","modified_gmt":"2025-09-25T15:01:30","slug":"sample-page","status":"publish","type":"page","link":"https:\/\/asesoriadeportiva.es\/?page_id=2","title":{"rendered":"INICIO"},"content":{"rendered":"<p style=\"text-align: justify;\"><strong>AD, Asesor\u00eda Deportiva<\/strong> es un despacho de <strong>asesores especializados<\/strong> en gesti\u00f3n administrativa, fiscal, laboral y contable que atiende las <strong>necesidades de las entidades deportivas<\/strong>, como Federaciones, clubes, asociaciones deportivas, t\u00e9cnicos y deportistas particulares, aportando las soluciones y los servicios necesarios.<\/p>\n<p style=\"text-align: justify;\">El mundo del deporte es un sector con muchas particularidades, tanto a nivel econ\u00f3mico como legal, que lo hacen especial.<\/p>\n<p style=\"text-align: justify;\">Las entidades deportivas requieren estar gestionadas, con todas las <strong>garant\u00edas legales y administrativas<\/strong>, como una empresa m\u00e1s, pero atendiendo su especial situaci\u00f3n, sobre todo los clubes deportivos m\u00e1s peque\u00f1os, con menor infraestructura y menos medios, pero que requieren cumplir de la misma forma con sus obligaciones legales y garantizar su correcto funcionamiento.<\/p>\n<p style=\"text-align: justify;\">Es primordial poder contar con una asesor\u00eda especializada a todos los niveles que pueda ayudar a gestionar la <strong>actividad deportiva<\/strong> de forma eficaz.<\/p>\n<p style=\"text-align: justify;\">Nuestras premisas son la seguridad, la seriedad y el rigor, todo ello en un excelente ambiente de trabajo y colaboraci\u00f3n.<\/p>\n<p style=\"text-align: justify;\">AD surge de la iniciativa de dos de los asesores fundadores, que han dedicado y dedican toda su vida al deporte.<\/p>\n<p style=\"text-align: justify;\">Licenciados en Derecho, especialistas en Derecho deportivo, Gesti\u00f3n fiscal, laboral y contable. Gesti\u00f3n de Federaciones y asociaciones deportivas, Instalaciones deportivas, Organizaci\u00f3n de competiciones deportivas y eventos.<\/p>\n<p style=\"text-align: justify;\">Contacta con nosotros sin compromiso. Nos adaptamos a tus necesidades.<\/p>\n\n\n<p><\/p>\n","protected":false},"excerpt":{"rendered":"<p>AD, Asesor\u00eda Deportiva es un despacho de asesores especializados en gesti\u00f3n administrativa, fiscal, laboral y contable que atiende las necesidades de las entidades deportivas, como Federaciones, clubes, asociaciones deportivas, t\u00e9cnicos y deportistas particulares, aportando las soluciones y los servicios necesarios. El mundo del deporte es un sector con muchas particularidades, tanto a nivel econ\u00f3mico como &hellip; <a href=\"https:\/\/asesoriadeportiva.es\/?page_id=2\" class=\"more-link\">Seguir leyendo <span class=\"screen-reader-text\">INICIO<\/span> <span class=\"meta-nav\">&rarr;<\/span><\/a><\/p>\n","protected":false},"author":1,"featured_media":0,"parent":0,"menu_order":0,"comment_status":"closed","ping_status":"open","template":"","meta":{"footnotes":""},"class_list":["post-2","page","type-page","status-publish","hentry"],"yoast_head":"<!-- This site is optimized with the Yoast SEO plugin v25.9 - https:\/\/yoast.com\/wordpress\/plugins\/seo\/ -->\n<title>INICIO - Asesor\u00eda Deportiva<\/title>\n<meta name=\"robots\" content=\"index, follow, max-snippet:-1, max-image-preview:large, max-video-preview:-1\" \/>\n<link rel=\"canonical\" href=\"https:\/\/asesoriadeportiva.es\/?page_id=2\" \/>\n<meta property=\"og:locale\" content=\"es_ES\" \/>\n<meta property=\"og:type\" content=\"article\" \/>\n<meta property=\"og:title\" content=\"INICIO - Asesor\u00eda Deportiva\" \/>\n<meta property=\"og:description\" content=\"AD, Asesor\u00eda Deportiva es un despacho de asesores especializados en gesti\u00f3n administrativa, fiscal, laboral y contable que atiende las necesidades de las entidades deportivas, como Federaciones, clubes, asociaciones deportivas, t\u00e9cnicos y deportistas particulares, aportando las soluciones y los servicios necesarios. El mundo del deporte es un sector con muchas particularidades, tanto a nivel econ\u00f3mico como &hellip; Seguir leyendo INICIO &rarr;\" \/>\n<meta property=\"og:url\" content=\"https:\/\/asesoriadeportiva.es\/?page_id=2\" \/>\n<meta property=\"og:site_name\" content=\"Asesor\u00eda Deportiva\" \/>\n<meta property=\"article:modified_time\" content=\"2025-09-25T15:01:30+00:00\" \/>\n<meta property=\"og:image\" content=\"https:\/\/asesoriadeportiva.es\/wp-content\/uploads\/2016\/05\/cropped-logo1-1-e1464608856999.jpg\" \/>\n\t<meta property=\"og:image:width\" content=\"423\" \/>\n\t<meta property=\"og:image:height\" content=\"121\" \/>\n\t<meta property=\"og:image:type\" content=\"image\/jpeg\" \/>\n<meta name=\"twitter:card\" content=\"summary_large_image\" \/>\n<meta name=\"twitter:label1\" content=\"Tiempo de lectura\" \/>\n\t<meta name=\"twitter:data1\" content=\"2 minutos\" \/>\n<script type=\"application\/ld+json\" class=\"yoast-schema-graph\">{\"@context\":\"https:\/\/schema.org\",\"@graph\":[{\"@type\":[\"WebPage\",\"CollectionPage\"],\"@id\":\"https:\/\/asesoriadeportiva.es\/?page_id=2\",\"url\":\"https:\/\/asesoriadeportiva.es\/?page_id=2\",\"name\":\"INICIO - Asesor\u00eda Deportiva\",\"isPartOf\":{\"@id\":\"https:\/\/asesoriadeportiva.es\/#website\"},\"datePublished\":\"2016-05-10T03:48:21+00:00\",\"dateModified\":\"2025-09-25T15:01:30+00:00\",\"breadcrumb\":{\"@id\":\"https:\/\/asesoriadeportiva.es\/?page_id=2#breadcrumb\"},\"inLanguage\":\"es\"},{\"@type\":\"BreadcrumbList\",\"@id\":\"https:\/\/asesoriadeportiva.es\/?page_id=2#breadcrumb\",\"itemListElement\":[{\"@type\":\"ListItem\",\"position\":1,\"name\":\"Portada\",\"item\":\"https:\/\/asesoriadeportiva.es\/\"},{\"@type\":\"ListItem\",\"position\":2,\"name\":\"INICIO\"}]},{\"@type\":\"WebSite\",\"@id\":\"https:\/\/asesoriadeportiva.es\/#website\",\"url\":\"https:\/\/asesoriadeportiva.es\/\",\"name\":\"Asesor\u00eda Deportiva\",\"description\":\"Especialistas en Clubes y Federaciones Deportivas\",\"publisher\":{\"@id\":\"https:\/\/asesoriadeportiva.es\/#organization\"},\"alternateName\":\"Consultor\u00eda Deportiva\",\"potentialAction\":[{\"@type\":\"SearchAction\",\"target\":{\"@type\":\"EntryPoint\",\"urlTemplate\":\"https:\/\/asesoriadeportiva.es\/?s={search_term_string}\"},\"query-input\":{\"@type\":\"PropertyValueSpecification\",\"valueRequired\":true,\"valueName\":\"search_term_string\"}}],\"inLanguage\":\"es\"},{\"@type\":\"Organization\",\"@id\":\"https:\/\/asesoriadeportiva.es\/#organization\",\"name\":\"Asesor\u00eda Deportiva\",\"alternateName\":\"Consultor\u00eda Deportiva\",\"url\":\"https:\/\/asesoriadeportiva.es\/\",\"logo\":{\"@type\":\"ImageObject\",\"inLanguage\":\"es\",\"@id\":\"https:\/\/asesoriadeportiva.es\/#\/schema\/logo\/image\/\",\"url\":\"https:\/\/asesoriadeportiva.es\/wp-content\/uploads\/2016\/05\/cropped-logo1-1-e1464608856999.jpg\",\"contentUrl\":\"https:\/\/asesoriadeportiva.es\/wp-content\/uploads\/2016\/05\/cropped-logo1-1-e1464608856999.jpg\",\"width\":423,\"height\":121,\"caption\":\"Asesor\u00eda Deportiva\"},\"image\":{\"@id\":\"https:\/\/asesoriadeportiva.es\/#\/schema\/logo\/image\/\"}}]}<\/script>\n<!-- \/ Yoast SEO plugin. -->","yoast_head_json":{"title":"INICIO - Asesor\u00eda Deportiva","robots":{"index":"index","follow":"follow","max-snippet":"max-snippet:-1","max-image-preview":"max-image-preview:large","max-video-preview":"max-video-preview:-1"},"canonical":"https:\/\/asesoriadeportiva.es\/?page_id=2","og_locale":"es_ES","og_type":"article","og_title":"INICIO - Asesor\u00eda Deportiva","og_description":"AD, Asesor\u00eda Deportiva es un despacho de asesores especializados en gesti\u00f3n administrativa, fiscal, laboral y contable que atiende las necesidades de las entidades deportivas, como Federaciones, clubes, asociaciones deportivas, t\u00e9cnicos y deportistas particulares, aportando las soluciones y los servicios necesarios. El mundo del deporte es un sector con muchas particularidades, tanto a nivel econ\u00f3mico como &hellip; Seguir leyendo INICIO &rarr;","og_url":"https:\/\/asesoriadeportiva.es\/?page_id=2","og_site_name":"Asesor\u00eda Deportiva","article_modified_time":"2025-09-25T15:01:30+00:00","og_image":[{"width":423,"height":121,"url":"https:\/\/asesoriadeportiva.es\/wp-content\/uploads\/2016\/05\/cropped-logo1-1-e1464608856999.jpg","type":"image\/jpeg"}],"twitter_card":"summary_large_image","twitter_misc":{"Tiempo de lectura":"2 minutos"},"schema":{"@context":"https:\/\/schema.org","@graph":[{"@type":["WebPage","CollectionPage"],"@id":"https:\/\/asesoriadeportiva.es\/?page_id=2","url":"https:\/\/asesoriadeportiva.es\/?page_id=2","name":"INICIO - Asesor\u00eda Deportiva","isPartOf":{"@id":"https:\/\/asesoriadeportiva.es\/#website"},"datePublished":"2016-05-10T03:48:21+00:00","dateModified":"2025-09-25T15:01:30+00:00","breadcrumb":{"@id":"https:\/\/asesoriadeportiva.es\/?page_id=2#breadcrumb"},"inLanguage":"es"},{"@type":"BreadcrumbList","@id":"https:\/\/asesoriadeportiva.es\/?page_id=2#breadcrumb","itemListElement":[{"@type":"ListItem","position":1,"name":"Portada","item":"https:\/\/asesoriadeportiva.es\/"},{"@type":"ListItem","position":2,"name":"INICIO"}]},{"@type":"WebSite","@id":"https:\/\/asesoriadeportiva.es\/#website","url":"https:\/\/asesoriadeportiva.es\/","name":"Asesor\u00eda Deportiva","description":"Especialistas en Clubes y Federaciones Deportivas","publisher":{"@id":"https:\/\/asesoriadeportiva.es\/#organization"},"alternateName":"Consultor\u00eda Deportiva","potentialAction":[{"@type":"SearchAction","target":{"@type":"EntryPoint","urlTemplate":"https:\/\/asesoriadeportiva.es\/?s={search_term_string}"},"query-input":{"@type":"PropertyValueSpecification","valueRequired":true,"valueName":"search_term_string"}}],"inLanguage":"es"},{"@type":"Organization","@id":"https:\/\/asesoriadeportiva.es\/#organization","name":"Asesor\u00eda Deportiva","alternateName":"Consultor\u00eda Deportiva","url":"https:\/\/asesoriadeportiva.es\/","logo":{"@type":"ImageObject","inLanguage":"es","@id":"https:\/\/asesoriadeportiva.es\/#\/schema\/logo\/image\/","url":"https:\/\/asesoriadeportiva.es\/wp-content\/uploads\/2016\/05\/cropped-logo1-1-e1464608856999.jpg","contentUrl":"https:\/\/asesoriadeportiva.es\/wp-content\/uploads\/2016\/05\/cropped-logo1-1-e1464608856999.jpg","width":423,"height":121,"caption":"Asesor\u00eda Deportiva"},"image":{"@id":"https:\/\/asesoriadeportiva.es\/#\/schema\/logo\/image\/"}}]}},"_links":{"self":[{"href":"https:\/\/asesoriadeportiva.es\/index.php?rest_route=\/wp\/v2\/pages\/2","targetHints":{"allow":["GET"]}}],"collection":[{"href":"https:\/\/asesoriadeportiva.es\/index.php?rest_route=\/wp\/v2\/pages"}],"about":[{"href":"https:\/\/asesoriadeportiva.es\/index.php?rest_route=\/wp\/v2\/types\/page"}],"author":[{"embeddable":true,"href":"https:\/\/asesoriadeportiva.es\/index.php?rest_route=\/wp\/v2\/users\/1"}],"replies":[{"embeddable":true,"href":"https:\/\/asesoriadeportiva.es\/index.php?rest_route=%2Fwp%2Fv2%2Fcomments&post=2"}],"version-history":[{"count":10,"href":"https:\/\/asesoriadeportiva.es\/index.php?rest_route=\/wp\/v2\/pages\/2\/revisions"}],"predecessor-version":[{"id":162,"href":"https:\/\/asesoriadeportiva.es\/index.php?rest_route=\/wp\/v2\/pages\/2\/revisions\/162"}],"wp:attachment":[{"href":"https:\/\/asesoriadeportiva.es\/index.php?rest_route=%2Fwp%2Fv2%2Fmedia&parent=2"}],"curies":[{"name":"wp","href":"https:\/\/api.w.org\/{rel}","templated":true}]}}